{"id":7,"date":"2017-06-07T10:18:47","date_gmt":"2017-06-07T08:18:47","guid":{"rendered":"https:\/\/dev.w4.se\/belatchew\/?page_id=7"},"modified":"2025-01-28T14:43:28","modified_gmt":"2025-01-28T13:43:28","slug":"om-oss","status":"publish","type":"page","link":"https:\/\/belatchew.com\/en\/om-oss\/","title":{"rendered":"We make change"},"content":{"rendered":"<p>We make the world a little better with architecture. A building created to serve a purpose and be an integral part of its place will do wonders wherever it stands. For people, for the city, for the surroundings and for the future. For us, architecture is something that touches everyone. Everyone who is part of the project\u2019s idea and progress, and those who will live their lives in and around the buildings and cityscapes we create. We bring new ideas, we listen and we interact. We are Belatchew.<\/p>\n<p>Belatchew was founded in 2006 by Rahel Belatchew and consists of architects, structural engineers and process and project managers. The office is located in S\u00f6dermalm in Stockholm and has an international presence. The projects cover a wide range, from residential homes and offices to community properties. In addition to our ability to deliver high-quality projects, we safeguard sound project finances and maintain a close dialogue with our clients, where responsiveness is of great importance.<\/p>\n<p>&nbsp;<\/p>\n<h3>Om Belatchew Labs<\/h3>\n<p><strong>Belatchew Labs<\/strong> is a studio within Belatchew that works with experimental projects that aims first and foremost to investigate and test new approaches and solutions to urban and architectonical issues.<\/p>\n<p><a href=\"https:\/\/belatchew.com\/belatchew-labs\/\">More about Belatchew Labs here &gt;&gt;<\/a><\/p>\n<p>&nbsp;<\/p>\n<div class=\"readmore-list\">\n<h3>Awards (selection)<\/h3>\n<p>Belatchew has been awarded many prizes both in Sweden and internationally.<\/p>\n<p>Winner, AR Mipim Future Project Award 2015 and 2019.<br \/>\nWinner, DNA Paris Design Awards 2019<br \/>\nWinner, WAN Awards Future Residential 2018<br \/>\nHonorary award, Architectural Master Prize 2018<br \/>\nHonorary award, Architectural Master Prize 2018<br \/>\n<span id=\"readMore\" class=\"read-more-text\">Honorary award, World Architecture Festival 2017<br \/>\n&#8216;Highly Commended&#8217;, World Architecture Festival, Berlin, 2017.<br \/>\nShortlist, Steel Building Price, 2017.<br \/>\nWinner, AR Mipim Future Project Award 2015<br \/>\nWinner of Smart Living Challenge 2015<br \/>\nWinner, Swedish Forms Award Design S, Sweden&#8217;s National Design Prize, 2014.<br \/>\nListed as one of &#8220;the 101 most exciting new architectural offices in the world&#8221; of the magazine Wallpaper *, 2007<br \/>\nHonorary award, &#8220;Architect of the Year 2006&#8221;, Residence Magazine<br \/>\nHonorary award, &#8220;House of the Year 2004&#8221; of the House of Houses of Villa RBDVD<br \/>\nShortlist design competition Aluminum design 2005, for the chair Z<br \/>\nShortlist Bauwelt Prize, Germany, 2003<br \/>\n<\/span><br \/>\n<a id=\"readMoreBtn\" class=\"read-more-btn\"><\/a>Show more<\/p>\n<\/div>\n<p>&nbsp;<\/p>\n<div class=\"readmore-list\">\n<h3>Exhibitions and Honorary Assignments (selection)<\/h3>\n<p>Representing Sweden,\u00a0Market Insight &#8211; Women in Architecture and Design, British Embassy in Stockholm, 2021.<br \/>\nExhibition, Skuggspel, Carl Eldhs Atelj\u00e9museum, Stockholm, 2019.<br \/>\nRepresenting Sweden, Swedish Style Mumbai, India, 2019.<br \/>\nRepresenting Sweden,\u00a0Urban well-being by architectural design, Arctober, New York City, 2018<br \/>\nRepresenting Sweden during DesignMarch, Iceland Design Festival, 2018.<br \/>\n<span id=\"readMore\" class=\"read-more-text\">Representing Sweden in a Swedish-British Architectural Exchange, organized by the British Embassy and ArkDes, 2018.<br \/>\nExhibition, London 2026, Roca London Gallery, UK, 2019.<br \/>\nExhibition, &#8216;Design Solution &#8211; Swedish Design for 170 years&#8217;, &#8216;World Design Capital 2016&#8217;, Taipei, 2016.<br \/>\nExhibition, Reprogramming the City, Arkdes, Stockholm, 2015.<br \/>\nExhibition, Reprogramming the City, Danish Architecture City, Copenhagen, 2015.<br \/>\nParticipantating in Virserum Konsthall&#8217;s commitment to sustainable urban development, 2010<br \/>\nExhibition of Eco House in Budapest at the invitation of the Ministry of Foreign Affairs, 2008<br \/>\n<\/span><br \/>\n<a id=\"readMoreBtn\" class=\"read-more-btn\"><\/a>Show more<\/p>\n<\/div>\n<p>&nbsp;<\/p>\n<div class=\"readmore-list\">\n<h3>Radio \/TV (selection)<\/h3>\n<p>2021 Designhistorier SVT<br \/>\n2021 Stadsinspektionen Sveriges Radio<br \/>\n2020 SVT Bo i staden<br \/>\n2020 Stadsinspektionen Sveriges Radio<br \/>\n2016 Sveriges Radio Spotlight<br \/>\n<span id=\"readMore\" class=\"read-more-text\">2015 BBC<br \/>\n2015 CNN<br \/>\n2014 SVT Kobra<br \/>\n2014 Sveriges Radio Klotet<br \/>\n2014 Sveriges Radio Spanarna<br \/>\n2014 Canadian TV<br \/>\n2012 \u201dPort d\u2019attache<br \/>\n2010 Deutsche Welle<br \/>\n<\/span><br \/>\n<a id=\"readMoreBtn\" class=\"read-more-btn\"><\/a>Show more<\/p>\n<\/div>\n<p>&nbsp;<\/p>\n<div class=\"readmore-list\">\n<h3>Publications (selection)<\/h3>\n<p>2021 ByRum.se<br \/>\n2020 A As Architecture<br \/>\n2020 Resum\u00e9<br \/>\n2019 Verve<br \/>\n2019b Dagens Nyheter<br \/>\n<span id=\"readMore\" class=\"read-more-text\">2019 The Guardian<br \/>\n2019 Elle Magazine<br \/>\n2019a Dagens Nyheter<br \/>\n2019 Tidskriften Rum<br \/>\n2018 Architectural Review<br \/>\n2018 DesignBoom<br \/>\n2018 Arch Daily<br \/>\n2018 Tidskriften Rum<br \/>\n2017 DesignBoom<br \/>\n2017 Wired<br \/>\n2017 Rum<br \/>\n20150207 Der Spiegel<br \/>\n20150313 Le Figaro<br \/>\n20150412 Platforma Urbana<br \/>\n20150711 Business Insider MY<br \/>\n20150308 Arch Daily<br \/>\n20150305 Dagens Nyheter<br \/>\n20150217 Fast Company \/ CoExist<br \/>\n20140613 UN Habitat<br \/>\n20140617 Fast Coexist<br \/>\n20140618 Ny Teknik<br \/>\n20140623 Le Monde<br \/>\n20140704 The Architectural Society of China<br \/>\n20140610 Houston Chronicle<br \/>\n20140612 Designboom<br \/>\n20140613 Archinet<br \/>\n20140613 Architizer<br \/>\n20140613 Inhabitat<br \/>\n20140620 Curbed<br \/>\n20140709 Virgin<br \/>\n20140819 FORM<br \/>\n20141127 Dagens Nyheter<br \/>\n20140904 Stavanger Aftenblad<br \/>\n20140904 Bergens Tidende<br \/>\n20140819 FORM<br \/>\n20140715 Architectural Society of China<br \/>\n20140623 Le Monde<br \/>\n20140618 Ny Teknik<br \/>\n20140618\u00a0Atlantico<br \/>\n20140612 Dagens Samh\u00e4lle<br \/>\n20140613 The Atlantic<br \/>\n20130530 Huffington Post<br \/>\n20130524 China Daily<br \/>\n20130522 Daily Mail<br \/>\n2013 La Stampa<br \/>\n2013 National Geographic<br \/>\n20130215 Dagens Nyheter<br \/>\n201204 Tr\u00e4!<br \/>\n2008 Hinge Magazine Hong Kong<br \/>\n20080222 DI Weekend<br \/>\n2008 Plaza Finland<br \/>\n2008 [Disajn]<br \/>\n2007 Tr\u00e4information<br \/>\n20071026 DN Bostad<br \/>\n2006 Residence 2006<br \/>\n2005 Abstract Magazine Belgien<br \/>\n20050319 Het Nieuwsblad-Weekend Plaza Belgien<br \/>\n2005 Living Design Japan<br \/>\n20050320 De Standaard Belgien<br \/>\n2005 Interi\u00f8r Norge 2005<br \/>\n2003 Arkitektur<br \/>\n2003 Bauwelt Tyskland<br \/>\n<\/span><br \/>\n<a id=\"readMoreBtn\" class=\"read-more-btn\"><\/a>Show more<\/p>\n<\/div>\n<p>&nbsp;<\/p>\n<div class=\"readmore-list\">\n<h3>Books (selection)<\/h3>\n<p>2020,\u00a0&#8220;Habiter l&#8217;air&#8221;, Michele Boni,\u00a0Collection Alternatives \/ \u00c9ditions Gallimard<br \/>\n2019, &#8220;Attitude as Style \u2013 Rahel Belatchew, Architect\u201d, Arvinius + Orfeus Publishing<br \/>\n2017,\u00a0Nordic Architects \u2013 Global Impacts,\u00a0Arvinius + Orfeus Publishing<br \/>\n2009, Space Craft 2, Gestalten Verlag<br \/>\n2009, Ice Architecture, Verlagshaus Braun<br \/>\n<span id=\"readMore\" class=\"read-more-text\">2009, 150 Best Bathroom Ideas New York<br \/>\n2009, Interior Design New York<br \/>\n2009, Patio Houses Latinta publishing Barcelona<br \/>\n2009, Small houses in nature Links publishing Barcelona<br \/>\n2006, Arkitekternas Villor Arkitektur F\u00f6rlag<br \/>\n2004, Source Quadrille publishing London<br \/>\n2004, Architecture and Detail, China 2008<br \/>\n<\/span><br \/>\n<a id=\"readMoreBtn\" class=\"read-more-btn\"><\/a>Show more<\/p>\n<\/div>\n<p><\/p>","protected":false},"excerpt":{"rendered":"<p>We make the world a little better with architecture. A building created to serve a purpose and be an integral part of its &hellip;<\/p>\n","protected":false},"author":5,"featured_media":2134,"parent":0,"menu_order":0,"comment_status":"closed","ping_status":"closed","template":"","meta":{"_acf_changed":false,"footnotes":""},"class_list":["post-7","page","type-page","status-publish","has-post-thumbnail","hentry"],"acf":[],"yoast_head":"<!-- This site is optimized with the Yoast SEO plugin v24.2 - https:\/\/yoast.com\/wordpress\/plugins\/seo\/ -->\n<title>We make change | Belatchew<\/title>\n<meta name=\"robots\" content=\"index, follow, max-snippet:-1, max-image-preview:large, max-video-preview:-1\" \/>\n<link rel=\"canonical\" href=\"https:\/\/belatchew.com\/om-oss\/\" \/>\n<meta property=\"og:locale\" content=\"en_US\" \/>\n<meta property=\"og:type\" content=\"article\" \/>\n<meta property=\"og:title\" content=\"[:sv]Vi \u00e4r de som f\u00f6r\u00e4ndrar[:en]We make change[:] | Belatchew\" \/>\n<meta property=\"og:description\" content=\"We make the world a little better with architecture. A building created to serve a purpose and be an integral part of its &hellip;\" \/>\n<meta property=\"og:url\" content=\"https:\/\/belatchew.com\/om-oss\/\" \/>\n<meta property=\"og:site_name\" content=\"Belatchew\" \/>\n<meta property=\"article:publisher\" content=\"http:\/\/www.facebook.com\/belatchew\" \/>\n<meta property=\"article:modified_time\" content=\"2025-01-28T13:43:28+00:00\" \/>\n<meta property=\"og:image\" content=\"https:\/\/belatchew.com\/wp-content\/uploads\/2020\/02\/belatchewheader1.jpg\" \/>\n\t<meta property=\"og:image:width\" content=\"1918\" \/>\n\t<meta property=\"og:image:height\" content=\"530\" \/>\n\t<meta property=\"og:image:type\" content=\"image\/jpeg\" \/>\n<meta name=\"twitter:card\" content=\"summary_large_image\" \/>\n<meta name=\"twitter:site\" content=\"@belatchew\" \/>\n<meta name=\"twitter:label1\" content=\"Est. reading time\" \/>\n\t<meta name=\"twitter:data1\" content=\"5 minutes\" \/>\n<script type=\"application\/ld+json\" class=\"yoast-schema-graph\">{\"@context\":\"https:\/\/schema.org\",\"@graph\":[{\"@type\":\"WebPage\",\"@id\":\"https:\/\/belatchew.com\/om-oss\/\",\"url\":\"https:\/\/belatchew.com\/om-oss\/\",\"name\":\"[:sv]Vi \u00e4r de som f\u00f6r\u00e4ndrar[:en]We make change[:] | Belatchew\",\"isPartOf\":{\"@id\":\"https:\/\/belatchew.com\/#website\"},\"primaryImageOfPage\":{\"@id\":\"https:\/\/belatchew.com\/om-oss\/#primaryimage\"},\"image\":{\"@id\":\"https:\/\/belatchew.com\/om-oss\/#primaryimage\"},\"thumbnailUrl\":\"https:\/\/belatchew.com\/wp-content\/uploads\/2020\/02\/belatchewheader1.jpg\",\"datePublished\":\"2017-06-07T08:18:47+00:00\",\"dateModified\":\"2025-01-28T13:43:28+00:00\",\"breadcrumb\":{\"@id\":\"https:\/\/belatchew.com\/om-oss\/#breadcrumb\"},\"inLanguage\":\"en-US\",\"potentialAction\":[{\"@type\":\"ReadAction\",\"target\":[\"https:\/\/belatchew.com\/om-oss\/\"]}]},{\"@type\":\"ImageObject\",\"inLanguage\":\"en-US\",\"@id\":\"https:\/\/belatchew.com\/om-oss\/#primaryimage\",\"url\":\"https:\/\/belatchew.com\/wp-content\/uploads\/2020\/02\/belatchewheader1.jpg\",\"contentUrl\":\"https:\/\/belatchew.com\/wp-content\/uploads\/2020\/02\/belatchewheader1.jpg\",\"width\":1918,\"height\":530},{\"@type\":\"BreadcrumbList\",\"@id\":\"https:\/\/belatchew.com\/om-oss\/#breadcrumb\",\"itemListElement\":[{\"@type\":\"ListItem\",\"position\":1,\"name\":\"Hem\",\"item\":\"https:\/\/belatchew.com\/\"},{\"@type\":\"ListItem\",\"position\":2,\"name\":\"Vi \u00e4r de som f\u00f6r\u00e4ndrar\"}]},{\"@type\":\"WebSite\",\"@id\":\"https:\/\/belatchew.com\/#website\",\"url\":\"https:\/\/belatchew.com\/\",\"name\":\"Belatchew\",\"description\":\"arkitekt, arkitekter, inredningsarkitekt, villor, fritidshus, kontor, bost\u00e4der, kommersiella fastigheter, stadsplanering\",\"publisher\":{\"@id\":\"https:\/\/belatchew.com\/#organization\"},\"potentialAction\":[{\"@type\":\"SearchAction\",\"target\":{\"@type\":\"EntryPoint\",\"urlTemplate\":\"https:\/\/belatchew.com\/?s={search_term_string}\"},\"query-input\":{\"@type\":\"PropertyValueSpecification\",\"valueRequired\":true,\"valueName\":\"search_term_string\"}}],\"inLanguage\":\"en-US\"},{\"@type\":\"Organization\",\"@id\":\"https:\/\/belatchew.com\/#organization\",\"name\":\"Belatchew\",\"url\":\"https:\/\/belatchew.com\/\",\"logo\":{\"@type\":\"ImageObject\",\"inLanguage\":\"en-US\",\"@id\":\"https:\/\/belatchew.com\/#\/schema\/logo\/image\/\",\"url\":\"https:\/\/belatchew.com\/wp-content\/uploads\/2025\/01\/belatchew.png\",\"contentUrl\":\"https:\/\/belatchew.com\/wp-content\/uploads\/2025\/01\/belatchew.png\",\"width\":736,\"height\":534,\"caption\":\"Belatchew\"},\"image\":{\"@id\":\"https:\/\/belatchew.com\/#\/schema\/logo\/image\/\"},\"sameAs\":[\"http:\/\/www.facebook.com\/belatchew\",\"https:\/\/x.com\/belatchew\",\"http:\/\/www.linkedin.com\/company\/belatchew-arkitekter-ab\",\"https:\/\/instagram.com\/belatchew\/\"]}]}<\/script>\n<!-- \/ Yoast SEO plugin. -->","yoast_head_json":{"title":"[:sv]Vi \u00e4r de som f\u00f6r\u00e4ndrar[:en]We make change[:] | Belatchew","robots":{"index":"index","follow":"follow","max-snippet":"max-snippet:-1","max-image-preview":"max-image-preview:large","max-video-preview":"max-video-preview:-1"},"canonical":"https:\/\/belatchew.com\/om-oss\/","og_locale":"en_US","og_type":"article","og_title":"[:sv]Vi \u00e4r de som f\u00f6r\u00e4ndrar[:en]We make change[:] | Belatchew","og_description":"We make the world a little better with architecture. A building created to serve a purpose and be an integral part of its &hellip;","og_url":"https:\/\/belatchew.com\/om-oss\/","og_site_name":"Belatchew","article_publisher":"http:\/\/www.facebook.com\/belatchew","article_modified_time":"2025-01-28T13:43:28+00:00","og_image":[{"width":1918,"height":530,"url":"https:\/\/belatchew.com\/wp-content\/uploads\/2020\/02\/belatchewheader1.jpg","type":"image\/jpeg"}],"twitter_card":"summary_large_image","twitter_site":"@belatchew","twitter_misc":{"Est. reading time":"5 minutes"},"schema":{"@context":"https:\/\/schema.org","@graph":[{"@type":"WebPage","@id":"https:\/\/belatchew.com\/om-oss\/","url":"https:\/\/belatchew.com\/om-oss\/","name":"[:sv]Vi \u00e4r de som f\u00f6r\u00e4ndrar[:en]We make change[:] | Belatchew","isPartOf":{"@id":"https:\/\/belatchew.com\/#website"},"primaryImageOfPage":{"@id":"https:\/\/belatchew.com\/om-oss\/#primaryimage"},"image":{"@id":"https:\/\/belatchew.com\/om-oss\/#primaryimage"},"thumbnailUrl":"https:\/\/belatchew.com\/wp-content\/uploads\/2020\/02\/belatchewheader1.jpg","datePublished":"2017-06-07T08:18:47+00:00","dateModified":"2025-01-28T13:43:28+00:00","breadcrumb":{"@id":"https:\/\/belatchew.com\/om-oss\/#breadcrumb"},"inLanguage":"en-US","potentialAction":[{"@type":"ReadAction","target":["https:\/\/belatchew.com\/om-oss\/"]}]},{"@type":"ImageObject","inLanguage":"en-US","@id":"https:\/\/belatchew.com\/om-oss\/#primaryimage","url":"https:\/\/belatchew.com\/wp-content\/uploads\/2020\/02\/belatchewheader1.jpg","contentUrl":"https:\/\/belatchew.com\/wp-content\/uploads\/2020\/02\/belatchewheader1.jpg","width":1918,"height":530},{"@type":"BreadcrumbList","@id":"https:\/\/belatchew.com\/om-oss\/#breadcrumb","itemListElement":[{"@type":"ListItem","position":1,"name":"Hem","item":"https:\/\/belatchew.com\/"},{"@type":"ListItem","position":2,"name":"Vi \u00e4r de som f\u00f6r\u00e4ndrar"}]},{"@type":"WebSite","@id":"https:\/\/belatchew.com\/#website","url":"https:\/\/belatchew.com\/","name":"Belatchew","description":"arkitekt, arkitekter, inredningsarkitekt, villor, fritidshus, kontor, bost\u00e4der, kommersiella fastigheter, stadsplanering","publisher":{"@id":"https:\/\/belatchew.com\/#organization"},"potentialAction":[{"@type":"SearchAction","target":{"@type":"EntryPoint","urlTemplate":"https:\/\/belatchew.com\/?s={search_term_string}"},"query-input":{"@type":"PropertyValueSpecification","valueRequired":true,"valueName":"search_term_string"}}],"inLanguage":"en-US"},{"@type":"Organization","@id":"https:\/\/belatchew.com\/#organization","name":"Belatchew","url":"https:\/\/belatchew.com\/","logo":{"@type":"ImageObject","inLanguage":"en-US","@id":"https:\/\/belatchew.com\/#\/schema\/logo\/image\/","url":"https:\/\/belatchew.com\/wp-content\/uploads\/2025\/01\/belatchew.png","contentUrl":"https:\/\/belatchew.com\/wp-content\/uploads\/2025\/01\/belatchew.png","width":736,"height":534,"caption":"Belatchew"},"image":{"@id":"https:\/\/belatchew.com\/#\/schema\/logo\/image\/"},"sameAs":["http:\/\/www.facebook.com\/belatchew","https:\/\/x.com\/belatchew","http:\/\/www.linkedin.com\/company\/belatchew-arkitekter-ab","https:\/\/instagram.com\/belatchew\/"]}]}},"_links":{"self":[{"href":"https:\/\/belatchew.com\/en\/wp-json\/wp\/v2\/pages\/7","targetHints":{"allow":["GET"]}}],"collection":[{"href":"https:\/\/belatchew.com\/en\/wp-json\/wp\/v2\/pages"}],"about":[{"href":"https:\/\/belatchew.com\/en\/wp-json\/wp\/v2\/types\/page"}],"author":[{"embeddable":true,"href":"https:\/\/belatchew.com\/en\/wp-json\/wp\/v2\/users\/5"}],"replies":[{"embeddable":true,"href":"https:\/\/belatchew.com\/en\/wp-json\/wp\/v2\/comments?post=7"}],"version-history":[{"count":109,"href":"https:\/\/belatchew.com\/en\/wp-json\/wp\/v2\/pages\/7\/revisions"}],"predecessor-version":[{"id":3759,"href":"https:\/\/belatchew.com\/en\/wp-json\/wp\/v2\/pages\/7\/revisions\/3759"}],"wp:featuredmedia":[{"embeddable":true,"href":"https:\/\/belatchew.com\/en\/wp-json\/wp\/v2\/media\/2134"}],"wp:attachment":[{"href":"https:\/\/belatchew.com\/en\/wp-json\/wp\/v2\/media?parent=7"}],"curies":[{"name":"wp","href":"https:\/\/api.w.org\/{rel}","templated":true}]}}