{"id":9,"date":"2017-06-07T10:19:15","date_gmt":"2017-06-07T08:19:15","guid":{"rendered":"https:\/\/dev.w4.se\/belatchew\/?page_id=9"},"modified":"2025-01-28T14:42:17","modified_gmt":"2025-01-28T13:42:17","slug":"kontakt","status":"publish","type":"page","link":"https:\/\/belatchew.com\/en\/kontakt\/","title":{"rendered":"Contact"},"content":{"rendered":"<p><\/p>\n<p>\t<\/div>\n\t\t<div class=\"fixfloat\">\n\t\t<\/div>\n\t\t<\/div>\n\t\t\t<div class=\"container medarbetare\">\n\t\t\t<div class=\"morewide specwidth gridholder\">\n\t\t\t\t\t\t\t\t\t<div class=\"medarbetare\">\n\t\t\t\t\t\t<div class=\"padding\">\n\t\t\t\t\t\t\t\n\t\t\t\t\t\t\t<div class=\"img b-lazy\" data-src=\"https:\/\/belatchew.com\/wp-content\/uploads\/2017\/06\/rahelbelatchewjennyohmanweb14.jpg\"><\/div>\n\t\t\t\t\t\t\t\t\t\t\t\t\t\t<div class=\"info\">\n\t\t\t\t\t\t\t\t<h3>Rahel Belatchew<\/h3>\n\t\t\t\t\t\t\t\t\t\t\t\t\t\t\t\t<div class=\"title th\">\n\t\t\t\t\t\t\t\t\tPrincipal Architect and founder\t\t\t\t\t\t\t\t<\/div>\n\t\t\t\t\t\t\t\t\t\t\t\t\t\t\t\t\t\t\t\t\t\t\t\t<div class=\"tel th\">\n\t\t\t\t\t\t\t\t\tF\u00f6r f\u00f6rfr\u00e5gningar g\u00e4llande nya projekt och samarbeten\t\t\t\t\t\t\t\t<\/div>\n\t\t\t\t\t\t\t\t\t\t\t\t\t\t\t\t\t\t\t\t\t\t\t\t<div class=\"email th\">\n\t\t\t\t\t\t\t\t\t<a href=\"mailto:rahel@belatchew.com\">rahel@belatchew.com<\/a>\n\t\t\t\t\t\t\t\t<\/div>\n\t\t\t\t\t\t\t\t\t\t\t\t\t\t\t<\/div>\n\t\t\t\t\t\t<\/div>\n\t\t\t\t\t<\/div>\n\t\t\t\t\t\t\t\t\t\t\t\t\t\t\t\t\t\t\t<div class=\"medarbetare\">\n\t\t\t\t\t\t<div class=\"padding\">\n\t\t\t\t\t\t\t\n\t\t\t\t\t\t\t<div class=\"img b-lazy\" data-src=\"https:\/\/belatchew.com\/wp-content\/uploads\/2022\/06\/karinwilund-1-640x432.jpg\"><\/div>\n\t\t\t\t\t\t\t\t\t\t\t\t\t\t<div class=\"info\">\n\t\t\t\t\t\t\t\t<h3>Karin Wilund<\/h3>\n\t\t\t\t\t\t\t\t\t\t\t\t\t\t\t\t<div class=\"title th\">\n\t\t\t\t\t\t\t\t\tExecutive Assistant\t\t\t\t\t\t\t\t<\/div>\n\t\t\t\t\t\t\t\t\t\t\t\t\t\t\t\t\t\t\t\t\t\t\t\t<div class=\"tel th\">\n\t\t\t\t\t\t\t\t\t+46 76 307 02 36\t\t\t\t\t\t\t\t<\/div>\n\t\t\t\t\t\t\t\t\t\t\t\t\t\t\t\t\t\t\t\t\t\t\t\t<div class=\"email th\">\n\t\t\t\t\t\t\t\t\t<a href=\"mailto:karin.wilund@belatchew.com\">karin.wilund@belatchew.com<\/a>\n\t\t\t\t\t\t\t\t<\/div>\n\t\t\t\t\t\t\t\t\t\t\t\t\t\t\t<\/div>\n\t\t\t\t\t\t<\/div>\n\t\t\t\t\t<\/div>\n\t\t\t\t\t\t\t\t\t\t\t<div class=\"twoperlinefloat\"><\/div>\n\t\t\t\t\t\t\t\t\t\t\t\t\t\t\t\t\t\t<div class=\"fixfloat\"><\/div>\n\t\t\t<\/div>\n\t\t<\/div>\n\t\t<div class=\"gridholder morewide\"><div class=\"entry-content\">\n\n\t<\/p>","protected":false},"excerpt":{"rendered":"","protected":false},"author":5,"featured_media":2135,"parent":0,"menu_order":0,"comment_status":"closed","ping_status":"closed","template":"","meta":{"_acf_changed":false,"footnotes":""},"class_list":["post-9","page","type-page","status-publish","has-post-thumbnail","hentry"],"acf":[],"yoast_head":"<!-- This site is optimized with the Yoast SEO plugin v24.2 - https:\/\/yoast.com\/wordpress\/plugins\/seo\/ -->\n<title>Contact  | Belatchew<\/title>\n<meta name=\"robots\" content=\"index, follow, max-snippet:-1, max-image-preview:large, max-video-preview:-1\" \/>\n<link rel=\"canonical\" href=\"https:\/\/belatchew.com\/kontakt\/\" \/>\n<meta property=\"og:locale\" content=\"en_US\" \/>\n<meta property=\"og:type\" content=\"article\" \/>\n<meta property=\"og:title\" content=\"[:sv]Kontakta oss[:en]Contact [:] | Belatchew\" \/>\n<meta property=\"og:url\" content=\"https:\/\/belatchew.com\/kontakt\/\" \/>\n<meta property=\"og:site_name\" content=\"Belatchew\" \/>\n<meta property=\"article:publisher\" content=\"http:\/\/www.facebook.com\/belatchew\" \/>\n<meta property=\"article:modified_time\" content=\"2025-01-28T13:42:17+00:00\" \/>\n<meta property=\"og:image\" content=\"https:\/\/belatchew.com\/wp-content\/uploads\/2020\/02\/belatchewheader2.jpg\" \/>\n\t<meta property=\"og:image:width\" content=\"1918\" \/>\n\t<meta property=\"og:image:height\" content=\"530\" \/>\n\t<meta property=\"og:image:type\" content=\"image\/jpeg\" \/>\n<meta name=\"twitter:card\" content=\"summary_large_image\" \/>\n<meta name=\"twitter:site\" content=\"@belatchew\" \/>\n<meta name=\"twitter:label1\" content=\"Est. reading time\" \/>\n\t<meta name=\"twitter:data1\" content=\"1 minute\" \/>\n<script type=\"application\/ld+json\" class=\"yoast-schema-graph\">{\"@context\":\"https:\/\/schema.org\",\"@graph\":[{\"@type\":\"WebPage\",\"@id\":\"https:\/\/belatchew.com\/kontakt\/\",\"url\":\"https:\/\/belatchew.com\/kontakt\/\",\"name\":\"[:sv]Kontakta oss[:en]Contact [:] | Belatchew\",\"isPartOf\":{\"@id\":\"https:\/\/belatchew.com\/#website\"},\"primaryImageOfPage\":{\"@id\":\"https:\/\/belatchew.com\/kontakt\/#primaryimage\"},\"image\":{\"@id\":\"https:\/\/belatchew.com\/kontakt\/#primaryimage\"},\"thumbnailUrl\":\"https:\/\/belatchew.com\/wp-content\/uploads\/2020\/02\/belatchewheader2.jpg\",\"datePublished\":\"2017-06-07T08:19:15+00:00\",\"dateModified\":\"2025-01-28T13:42:17+00:00\",\"breadcrumb\":{\"@id\":\"https:\/\/belatchew.com\/kontakt\/#breadcrumb\"},\"inLanguage\":\"en-US\",\"potentialAction\":[{\"@type\":\"ReadAction\",\"target\":[\"https:\/\/belatchew.com\/kontakt\/\"]}]},{\"@type\":\"ImageObject\",\"inLanguage\":\"en-US\",\"@id\":\"https:\/\/belatchew.com\/kontakt\/#primaryimage\",\"url\":\"https:\/\/belatchew.com\/wp-content\/uploads\/2020\/02\/belatchewheader2.jpg\",\"contentUrl\":\"https:\/\/belatchew.com\/wp-content\/uploads\/2020\/02\/belatchewheader2.jpg\",\"width\":1918,\"height\":530},{\"@type\":\"BreadcrumbList\",\"@id\":\"https:\/\/belatchew.com\/kontakt\/#breadcrumb\",\"itemListElement\":[{\"@type\":\"ListItem\",\"position\":1,\"name\":\"Hem\",\"item\":\"https:\/\/belatchew.com\/\"},{\"@type\":\"ListItem\",\"position\":2,\"name\":\"Kontakta oss\"}]},{\"@type\":\"WebSite\",\"@id\":\"https:\/\/belatchew.com\/#website\",\"url\":\"https:\/\/belatchew.com\/\",\"name\":\"Belatchew\",\"description\":\"arkitekt, arkitekter, inredningsarkitekt, villor, fritidshus, kontor, bost\u00e4der, kommersiella fastigheter, stadsplanering\",\"publisher\":{\"@id\":\"https:\/\/belatchew.com\/#organization\"},\"potentialAction\":[{\"@type\":\"SearchAction\",\"target\":{\"@type\":\"EntryPoint\",\"urlTemplate\":\"https:\/\/belatchew.com\/?s={search_term_string}\"},\"query-input\":{\"@type\":\"PropertyValueSpecification\",\"valueRequired\":true,\"valueName\":\"search_term_string\"}}],\"inLanguage\":\"en-US\"},{\"@type\":\"Organization\",\"@id\":\"https:\/\/belatchew.com\/#organization\",\"name\":\"Belatchew\",\"url\":\"https:\/\/belatchew.com\/\",\"logo\":{\"@type\":\"ImageObject\",\"inLanguage\":\"en-US\",\"@id\":\"https:\/\/belatchew.com\/#\/schema\/logo\/image\/\",\"url\":\"https:\/\/belatchew.com\/wp-content\/uploads\/2025\/01\/belatchew.png\",\"contentUrl\":\"https:\/\/belatchew.com\/wp-content\/uploads\/2025\/01\/belatchew.png\",\"width\":736,\"height\":534,\"caption\":\"Belatchew\"},\"image\":{\"@id\":\"https:\/\/belatchew.com\/#\/schema\/logo\/image\/\"},\"sameAs\":[\"http:\/\/www.facebook.com\/belatchew\",\"https:\/\/x.com\/belatchew\",\"http:\/\/www.linkedin.com\/company\/belatchew-arkitekter-ab\",\"https:\/\/instagram.com\/belatchew\/\"]}]}<\/script>\n<!-- \/ Yoast SEO plugin. -->","yoast_head_json":{"title":"[:sv]Kontakta oss[:en]Contact [:] | Belatchew","robots":{"index":"index","follow":"follow","max-snippet":"max-snippet:-1","max-image-preview":"max-image-preview:large","max-video-preview":"max-video-preview:-1"},"canonical":"https:\/\/belatchew.com\/kontakt\/","og_locale":"en_US","og_type":"article","og_title":"[:sv]Kontakta oss[:en]Contact [:] | Belatchew","og_url":"https:\/\/belatchew.com\/kontakt\/","og_site_name":"Belatchew","article_publisher":"http:\/\/www.facebook.com\/belatchew","article_modified_time":"2025-01-28T13:42:17+00:00","og_image":[{"width":1918,"height":530,"url":"https:\/\/belatchew.com\/wp-content\/uploads\/2020\/02\/belatchewheader2.jpg","type":"image\/jpeg"}],"twitter_card":"summary_large_image","twitter_site":"@belatchew","twitter_misc":{"Est. reading time":"1 minute"},"schema":{"@context":"https:\/\/schema.org","@graph":[{"@type":"WebPage","@id":"https:\/\/belatchew.com\/kontakt\/","url":"https:\/\/belatchew.com\/kontakt\/","name":"[:sv]Kontakta oss[:en]Contact [:] | Belatchew","isPartOf":{"@id":"https:\/\/belatchew.com\/#website"},"primaryImageOfPage":{"@id":"https:\/\/belatchew.com\/kontakt\/#primaryimage"},"image":{"@id":"https:\/\/belatchew.com\/kontakt\/#primaryimage"},"thumbnailUrl":"https:\/\/belatchew.com\/wp-content\/uploads\/2020\/02\/belatchewheader2.jpg","datePublished":"2017-06-07T08:19:15+00:00","dateModified":"2025-01-28T13:42:17+00:00","breadcrumb":{"@id":"https:\/\/belatchew.com\/kontakt\/#breadcrumb"},"inLanguage":"en-US","potentialAction":[{"@type":"ReadAction","target":["https:\/\/belatchew.com\/kontakt\/"]}]},{"@type":"ImageObject","inLanguage":"en-US","@id":"https:\/\/belatchew.com\/kontakt\/#primaryimage","url":"https:\/\/belatchew.com\/wp-content\/uploads\/2020\/02\/belatchewheader2.jpg","contentUrl":"https:\/\/belatchew.com\/wp-content\/uploads\/2020\/02\/belatchewheader2.jpg","width":1918,"height":530},{"@type":"BreadcrumbList","@id":"https:\/\/belatchew.com\/kontakt\/#breadcrumb","itemListElement":[{"@type":"ListItem","position":1,"name":"Hem","item":"https:\/\/belatchew.com\/"},{"@type":"ListItem","position":2,"name":"Kontakta oss"}]},{"@type":"WebSite","@id":"https:\/\/belatchew.com\/#website","url":"https:\/\/belatchew.com\/","name":"Belatchew","description":"arkitekt, arkitekter, inredningsarkitekt, villor, fritidshus, kontor, bost\u00e4der, kommersiella fastigheter, stadsplanering","publisher":{"@id":"https:\/\/belatchew.com\/#organization"},"potentialAction":[{"@type":"SearchAction","target":{"@type":"EntryPoint","urlTemplate":"https:\/\/belatchew.com\/?s={search_term_string}"},"query-input":{"@type":"PropertyValueSpecification","valueRequired":true,"valueName":"search_term_string"}}],"inLanguage":"en-US"},{"@type":"Organization","@id":"https:\/\/belatchew.com\/#organization","name":"Belatchew","url":"https:\/\/belatchew.com\/","logo":{"@type":"ImageObject","inLanguage":"en-US","@id":"https:\/\/belatchew.com\/#\/schema\/logo\/image\/","url":"https:\/\/belatchew.com\/wp-content\/uploads\/2025\/01\/belatchew.png","contentUrl":"https:\/\/belatchew.com\/wp-content\/uploads\/2025\/01\/belatchew.png","width":736,"height":534,"caption":"Belatchew"},"image":{"@id":"https:\/\/belatchew.com\/#\/schema\/logo\/image\/"},"sameAs":["http:\/\/www.facebook.com\/belatchew","https:\/\/x.com\/belatchew","http:\/\/www.linkedin.com\/company\/belatchew-arkitekter-ab","https:\/\/instagram.com\/belatchew\/"]}]}},"_links":{"self":[{"href":"https:\/\/belatchew.com\/en\/wp-json\/wp\/v2\/pages\/9","targetHints":{"allow":["GET"]}}],"collection":[{"href":"https:\/\/belatchew.com\/en\/wp-json\/wp\/v2\/pages"}],"about":[{"href":"https:\/\/belatchew.com\/en\/wp-json\/wp\/v2\/types\/page"}],"author":[{"embeddable":true,"href":"https:\/\/belatchew.com\/en\/wp-json\/wp\/v2\/users\/5"}],"replies":[{"embeddable":true,"href":"https:\/\/belatchew.com\/en\/wp-json\/wp\/v2\/comments?post=9"}],"version-history":[{"count":29,"href":"https:\/\/belatchew.com\/en\/wp-json\/wp\/v2\/pages\/9\/revisions"}],"predecessor-version":[{"id":3758,"href":"https:\/\/belatchew.com\/en\/wp-json\/wp\/v2\/pages\/9\/revisions\/3758"}],"wp:featuredmedia":[{"embeddable":true,"href":"https:\/\/belatchew.com\/en\/wp-json\/wp\/v2\/media\/2135"}],"wp:attachment":[{"href":"https:\/\/belatchew.com\/en\/wp-json\/wp\/v2\/media?parent=9"}],"curies":[{"name":"wp","href":"https:\/\/api.w.org\/{rel}","templated":true}]}}